{"id":485,"date":"2021-05-09T13:14:08","date_gmt":"2021-05-09T13:14:08","guid":{"rendered":"http:\/\/www.aid-irati.com\/?page_id=485"},"modified":"2021-05-19T06:15:36","modified_gmt":"2021-05-19T06:15:36","slug":"quienes-somos","status":"publish","type":"page","link":"https:\/\/www.aid-irati.com\/index.php\/quienes-somos\/","title":{"rendered":"Quienes Somos"},"content":{"rendered":"\t\t<div data-elementor-type=\"wp-page\" data-elementor-id=\"485\" class=\"elementor elementor-485\">\n\t\t\t\t\t\t<section class=\"elementor-section elementor-top-section elementor-element elementor-element-afaf492 elementor-section-boxed elementor-section-height-default elementor-section-height-default\" data-id=\"afaf492\" data-element_type=\"section\">\n\t\t\t\t\t\t<div class=\"elementor-container elementor-column-gap-default\">\n\t\t\t\t\t<div class=\"elementor-column elementor-col-50 elementor-top-column elementor-element elementor-element-06d3263\" data-id=\"06d3263\" data-element_type=\"column\">\n\t\t\t<div class=\"elementor-widget-wrap elementor-element-populated\">\n\t\t\t\t\t\t<div class=\"elementor-element elementor-element-3b43096 elementor-widget elementor-widget-image\" data-id=\"3b43096\" data-element_type=\"widget\" data-widget_type=\"image.default\">\n\t\t\t\t<div class=\"elementor-widget-container\">\n\t\t\t\t\t\t\t\t\t\t\t\t\t\t\t<img fetchpriority=\"high\" decoding=\"async\" width=\"525\" height=\"350\" src=\"https:\/\/www.aid-irati.com\/wp-content\/uploads\/2021\/05\/DSC5486-1024x683.jpg\" class=\"attachment-large size-large wp-image-670\" alt=\"\" srcset=\"https:\/\/www.aid-irati.com\/wp-content\/uploads\/2021\/05\/DSC5486-1024x683.jpg 1024w, https:\/\/www.aid-irati.com\/wp-content\/uploads\/2021\/05\/DSC5486-300x200.jpg 300w, https:\/\/www.aid-irati.com\/wp-content\/uploads\/2021\/05\/DSC5486-768x513.jpg 768w, https:\/\/www.aid-irati.com\/wp-content\/uploads\/2021\/05\/DSC5486-1536x1025.jpg 1536w, https:\/\/www.aid-irati.com\/wp-content\/uploads\/2021\/05\/DSC5486-2048x1367.jpg 2048w\" sizes=\"100vw\" \/>\t\t\t\t\t\t\t\t\t\t\t\t\t\t\t<\/div>\n\t\t\t\t<\/div>\n\t\t\t\t<div class=\"elementor-element elementor-element-976f234 elementor-widget elementor-widget-text-editor\" data-id=\"976f234\" data-element_type=\"widget\" data-widget_type=\"text-editor.default\">\n\t\t\t\t<div class=\"elementor-widget-container\">\n\t\t\t\t\t\t\t\t\t<p>Puedes ponerte en contacto con nosotros en el telefono<strong><span style=\"color: #ff0000;\"> 948 19 71 78<\/span><\/strong><\/p>\t\t\t\t\t\t\t\t<\/div>\n\t\t\t\t<\/div>\n\t\t\t\t\t<\/div>\n\t\t<\/div>\n\t\t\t\t<div class=\"elementor-column elementor-col-50 elementor-top-column elementor-element elementor-element-8925344\" data-id=\"8925344\" data-element_type=\"column\">\n\t\t\t<div class=\"elementor-widget-wrap elementor-element-populated\">\n\t\t\t\t\t\t<section class=\"elementor-section elementor-inner-section elementor-element elementor-element-0729a50 elementor-section-boxed elementor-section-height-default elementor-section-height-default\" data-id=\"0729a50\" data-element_type=\"section\">\n\t\t\t\t\t\t<div class=\"elementor-container elementor-column-gap-default\">\n\t\t\t\t\t<div class=\"elementor-column elementor-col-50 elementor-inner-column elementor-element elementor-element-fc2609b\" data-id=\"fc2609b\" data-element_type=\"column\">\n\t\t\t<div class=\"elementor-widget-wrap elementor-element-populated\">\n\t\t\t\t\t\t<div class=\"elementor-element elementor-element-7105b24 elementor-widget elementor-widget-text-editor\" data-id=\"7105b24\" data-element_type=\"widget\" data-widget_type=\"text-editor.default\">\n\t\t\t\t<div class=\"elementor-widget-container\">\n\t\t\t\t\t\t\t\t\t<h2><span style=\"color: #000000;\">Hola!!, Somos Aid Irati!<\/span><\/h2><p>Somos una empresa especializada en servicio t\u00e9cnico inform\u00e1tico con m\u00e1s de 20 a\u00f1os de experiencia en el sector.<\/p><p>All\u00e1 por el a\u00f1o 1998 decidimos dedicarnos a lo que nos gustaba, y para ello montamos una empresa pionera en ofrecer servicio inform\u00e1tico a domicilio en Pamplona, con el objetivo de ofrecer soluciones a los diferentes usuarios, particulares, aut\u00f3nomos y pymes.<\/p><p>Desde entonces venimos desarrollando las actividades principales de servicio t\u00e9cnico inform\u00e1tico y venta de equipos \u00a0inform\u00e1ticos, y brindando a nuestros clientes la posibilidad de acudir a su domicilio a reparar su ordenador sin la necesidad de tener que moverlo de su casa o lugar de trabajo.<\/p><p>Desp\u00faes de tantos a\u00f1os podemos sentirnos orgullosos de poder seguir ofreciendo un servicio inform\u00e1tico de calidad principalmente en Pamplona, pero para toda la provincia de Navarra y m\u00e1s all\u00e1 si hace falta..<\/p><p>Queremos agradecer desde aqu\u00ed a todos aquellos que durante estos a\u00f1os hab\u00e9is confiado en nosotros como vuestro \u201cdepartamento\u201d inform\u00e1tico, y especialmente a los que lo hab\u00e9is seguido haci\u00e9ndolo a trav\u00e9s de los a\u00f1os hasta hoy.<\/p><p>Gracias a todos vosotros seguimos siendo AID IRATI!!.<\/p>\t\t\t\t\t\t\t\t<\/div>\n\t\t\t\t<\/div>\n\t\t\t\t\t<\/div>\n\t\t<\/div>\n\t\t\t\t<div class=\"elementor-column elementor-col-50 elementor-inner-column elementor-element elementor-element-16aee1d\" data-id=\"16aee1d\" data-element_type=\"column\">\n\t\t\t<div class=\"elementor-widget-wrap\">\n\t\t\t\t\t\t\t<\/div>\n\t\t<\/div>\n\t\t\t\t\t<\/div>\n\t\t<\/section>\n\t\t\t\t\t<\/div>\n\t\t<\/div>\n\t\t\t\t\t<\/div>\n\t\t<\/section>\n\t\t\t\t<section class=\"elementor-section elementor-top-section elementor-element elementor-element-8ff90b0 elementor-section-boxed elementor-section-height-default elementor-section-height-default\" data-id=\"8ff90b0\" data-element_type=\"section\">\n\t\t\t\t\t\t<div class=\"elementor-container elementor-column-gap-default\">\n\t\t\t\t\t<div class=\"elementor-column elementor-col-100 elementor-top-column elementor-element elementor-element-f28836c\" data-id=\"f28836c\" data-element_type=\"column\">\n\t\t\t<div class=\"elementor-widget-wrap elementor-element-populated\">\n\t\t\t\t\t\t<div class=\"elementor-element elementor-element-ba731eb elementor-widget-divider--view-line elementor-widget elementor-widget-divider\" data-id=\"ba731eb\" data-element_type=\"widget\" data-widget_type=\"divider.default\">\n\t\t\t\t<div class=\"elementor-widget-container\">\n\t\t\t\t\t\t\t<div class=\"elementor-divider\">\n\t\t\t<span class=\"elementor-divider-separator\">\n\t\t\t\t\t\t<\/span>\n\t\t<\/div>\n\t\t\t\t\t\t<\/div>\n\t\t\t\t<\/div>\n\t\t\t\t\t<\/div>\n\t\t<\/div>\n\t\t\t\t\t<\/div>\n\t\t<\/section>\n\t\t\t\t<\/div>\n\t\t","protected":false},"excerpt":{"rendered":"<p>Puedes ponerte en contacto con nosotros en el telefono 948 19 71 78 Hola!!, Somos Aid Irati! Somos una empresa especializada en servicio t\u00e9cnico inform\u00e1tico con m\u00e1s de 20 a\u00f1os de experiencia en el sector. All\u00e1 por el a\u00f1o 1998 decidimos dedicarnos a lo que nos gustaba, y para ello montamos una empresa pionera en &hellip; <\/p>\n<p class=\"link-more\"><a href=\"https:\/\/www.aid-irati.com\/index.php\/quienes-somos\/\" class=\"more-link\">Continuar leyendo<span class=\"screen-reader-text\"> \u00abQuienes Somos\u00bb<\/span><\/a><\/p>\n","protected":false},"author":1,"featured_media":0,"parent":0,"menu_order":0,"comment_status":"closed","ping_status":"closed","template":"elementor_header_footer","meta":{"_monsterinsights_skip_tracking":false,"_monsterinsights_sitenote_active":false,"_monsterinsights_sitenote_note":"","_monsterinsights_sitenote_category":0,"footnotes":""},"class_list":["post-485","page","type-page","status-publish","hentry"],"aioseo_notices":[],"_links":{"self":[{"href":"https:\/\/www.aid-irati.com\/index.php\/wp-json\/wp\/v2\/pages\/485","targetHints":{"allow":["GET"]}}],"collection":[{"href":"https:\/\/www.aid-irati.com\/index.php\/wp-json\/wp\/v2\/pages"}],"about":[{"href":"https:\/\/www.aid-irati.com\/index.php\/wp-json\/wp\/v2\/types\/page"}],"author":[{"embeddable":true,"href":"https:\/\/www.aid-irati.com\/index.php\/wp-json\/wp\/v2\/users\/1"}],"replies":[{"embeddable":true,"href":"https:\/\/www.aid-irati.com\/index.php\/wp-json\/wp\/v2\/comments?post=485"}],"version-history":[{"count":37,"href":"https:\/\/www.aid-irati.com\/index.php\/wp-json\/wp\/v2\/pages\/485\/revisions"}],"predecessor-version":[{"id":754,"href":"https:\/\/www.aid-irati.com\/index.php\/wp-json\/wp\/v2\/pages\/485\/revisions\/754"}],"wp:attachment":[{"href":"https:\/\/www.aid-irati.com\/index.php\/wp-json\/wp\/v2\/media?parent=485"}],"curies":[{"name":"wp","href":"https:\/\/api.w.org\/{rel}","templated":true}]}}